{"id":1792,"date":"2022-08-01T15:04:45","date_gmt":"2022-08-01T13:04:45","guid":{"rendered":"https:\/\/www.eurozeta.it\/certificaciones\/"},"modified":"2022-10-22T08:54:18","modified_gmt":"2022-10-22T06:54:18","slug":"certificaciones","status":"publish","type":"page","link":"https:\/\/www.eurozeta.it\/es\/certificaciones\/","title":{"rendered":"Certificaciones"},"content":{"rendered":"<h4>Calidad<\/h4>\n<p>La calidad del producto final depende de los materiales utilizados, de la formaci\u00f3n constante del personal, del estricto control de calidad de los procesos de construcci\u00f3n y control, as\u00ed como de la eficacia de la inspecci\u00f3n y las pruebas finales.<\/p>\n<p>&nbsp;<\/p>\n<p>Eurozeta es capaz de satisfacer estrictos requisitos de calidad. Las inspecciones para comprobar los materiales, los procesos de fabricaci\u00f3n y las soldaduras se realizan en presencia de inspectores del cliente o de las autoridades competentes.<\/p>\n<p>&nbsp;<\/p>\n<h4>Una gama completa de servicios al cliente<\/h4>\n<p>La flexibilidad y la disponibilidad son los puntos fuertes de Eurozeta. La utilizaci\u00f3n de una gran variedad de metales y el uso de los m\u00e1s diversos tratamientos de acabado y protecci\u00f3n, como el galvanizado electrol\u00edtico, el galvanizado en caliente, el recubrimiento l\u00edquido y el recubrimiento en polvo, son la base concreta que nos permite ofrecer una gama de productos cada vez m\u00e1s amplia, para poder satisfacer cualquier petici\u00f3n. A Eurozeta le encantan los retos y enfrentarse a lo nuevo.<\/p>\n<p>&nbsp;<\/p>\n<p>Una oficina t\u00e9cnica interna es capaz de dise\u00f1ar estructuras 2D y 3D de todo tipo y, apoy\u00e1ndose en ingenieros de estructuras, examinar y probar sus creaciones.<\/p>\n<p>&nbsp;<\/p>\n<p>La profesionalidad y la experiencia de nuestro personal nos permiten abarcar diferentes campos, respetando los plazos y las normas de seguridad.<\/p>\n<p>&nbsp;<\/p>\n<p>Un almac\u00e9n de piezas de recambio bien surtido garantiza la intervenci\u00f3n oportuna en el mantenimiento rutinario y extraordinario de las puertas basculantes seccionales y las rampas niveladoras.<\/p>\n","protected":false},"excerpt":{"rendered":"<p>Calidad La calidad del producto final depende de los materiales utilizados, de la formaci\u00f3n constante del personal, del estricto control de calidad de los procesos de construcci\u00f3n y control, as\u00ed como de la eficacia de la inspecci\u00f3n y las pruebas finales. &nbsp; Eurozeta es capaz de satisfacer estrictos requisitos de calidad. Las inspecciones para comprobar &hellip; <a href=\"https:\/\/www.eurozeta.it\/es\/certificaciones\/\" class=\"more-link\">Continue reading<span class=\"screen-reader-text\"> \u00abCertificaciones\u00bb<\/span><\/a><\/p>\n","protected":false},"author":1,"featured_media":0,"parent":0,"menu_order":0,"comment_status":"closed","ping_status":"closed","template":"page-certificazioni.php","meta":{"_acf_changed":false,"footnotes":""},"class_list":["post-1792","page","type-page","status-publish","hentry"],"acf":[],"yoast_head":"<!-- This site is optimized with the Yoast SEO plugin v27.4 - https:\/\/yoast.com\/product\/yoast-seo-wordpress\/ -->\n<title>Certificaciones | Eurozeta<\/title>\n<meta name=\"robots\" content=\"index, follow, max-snippet:-1, max-image-preview:large, max-video-preview:-1\" \/>\n<link rel=\"canonical\" href=\"https:\/\/www.eurozeta.it\/es\/certificaciones\/\" \/>\n<meta property=\"og:locale\" content=\"es_ES\" \/>\n<meta property=\"og:type\" content=\"article\" \/>\n<meta property=\"og:title\" content=\"Certificaciones | Eurozeta\" \/>\n<meta property=\"og:description\" content=\"Calidad La calidad del producto final depende de los materiales utilizados, de la formaci\u00f3n constante del personal, del estricto control de calidad de los procesos de construcci\u00f3n y control, as\u00ed como de la eficacia de la inspecci\u00f3n y las pruebas finales. &nbsp; Eurozeta es capaz de satisfacer estrictos requisitos de calidad. Las inspecciones para comprobar &hellip; Continue reading &quot;Certificaciones&quot;\" \/>\n<meta property=\"og:url\" content=\"https:\/\/www.eurozeta.it\/es\/certificaciones\/\" \/>\n<meta property=\"og:site_name\" content=\"Eurozeta\" \/>\n<meta property=\"article:modified_time\" content=\"2022-10-22T06:54:18+00:00\" \/>\n<meta name=\"twitter:card\" content=\"summary_large_image\" \/>\n<script type=\"application\/ld+json\" class=\"yoast-schema-graph\">{\"@context\":\"https:\\\/\\\/schema.org\",\"@graph\":[{\"@type\":\"WebPage\",\"@id\":\"https:\\\/\\\/www.eurozeta.it\\\/es\\\/certificaciones\\\/\",\"url\":\"https:\\\/\\\/www.eurozeta.it\\\/es\\\/certificaciones\\\/\",\"name\":\"Certificaciones | Eurozeta\",\"isPartOf\":{\"@id\":\"https:\\\/\\\/www.eurozeta.it\\\/es\\\/#website\"},\"datePublished\":\"2022-08-01T13:04:45+00:00\",\"dateModified\":\"2022-10-22T06:54:18+00:00\",\"breadcrumb\":{\"@id\":\"https:\\\/\\\/www.eurozeta.it\\\/es\\\/certificaciones\\\/#breadcrumb\"},\"inLanguage\":\"es\",\"potentialAction\":[{\"@type\":\"ReadAction\",\"target\":[\"https:\\\/\\\/www.eurozeta.it\\\/es\\\/certificaciones\\\/\"]}]},{\"@type\":\"BreadcrumbList\",\"@id\":\"https:\\\/\\\/www.eurozeta.it\\\/es\\\/certificaciones\\\/#breadcrumb\",\"itemListElement\":[{\"@type\":\"ListItem\",\"position\":1,\"name\":\"Home\",\"item\":\"https:\\\/\\\/www.eurozeta.it\\\/es\\\/\"},{\"@type\":\"ListItem\",\"position\":2,\"name\":\"Certificaciones\"}]},{\"@type\":\"WebSite\",\"@id\":\"https:\\\/\\\/www.eurozeta.it\\\/es\\\/#website\",\"url\":\"https:\\\/\\\/www.eurozeta.it\\\/es\\\/\",\"name\":\"Eurozeta\",\"description\":\"Carpenteria metallica a Bergamo\",\"potentialAction\":[{\"@type\":\"SearchAction\",\"target\":{\"@type\":\"EntryPoint\",\"urlTemplate\":\"https:\\\/\\\/www.eurozeta.it\\\/es\\\/?s={search_term_string}\"},\"query-input\":{\"@type\":\"PropertyValueSpecification\",\"valueRequired\":true,\"valueName\":\"search_term_string\"}}],\"inLanguage\":\"es\"}]}<\/script>\n<!-- \/ Yoast SEO plugin. -->","yoast_head_json":{"title":"Certificaciones | Eurozeta","robots":{"index":"index","follow":"follow","max-snippet":"max-snippet:-1","max-image-preview":"max-image-preview:large","max-video-preview":"max-video-preview:-1"},"canonical":"https:\/\/www.eurozeta.it\/es\/certificaciones\/","og_locale":"es_ES","og_type":"article","og_title":"Certificaciones | Eurozeta","og_description":"Calidad La calidad del producto final depende de los materiales utilizados, de la formaci\u00f3n constante del personal, del estricto control de calidad de los procesos de construcci\u00f3n y control, as\u00ed como de la eficacia de la inspecci\u00f3n y las pruebas finales. &nbsp; Eurozeta es capaz de satisfacer estrictos requisitos de calidad. Las inspecciones para comprobar &hellip; Continue reading \"Certificaciones\"","og_url":"https:\/\/www.eurozeta.it\/es\/certificaciones\/","og_site_name":"Eurozeta","article_modified_time":"2022-10-22T06:54:18+00:00","twitter_card":"summary_large_image","schema":{"@context":"https:\/\/schema.org","@graph":[{"@type":"WebPage","@id":"https:\/\/www.eurozeta.it\/es\/certificaciones\/","url":"https:\/\/www.eurozeta.it\/es\/certificaciones\/","name":"Certificaciones | Eurozeta","isPartOf":{"@id":"https:\/\/www.eurozeta.it\/es\/#website"},"datePublished":"2022-08-01T13:04:45+00:00","dateModified":"2022-10-22T06:54:18+00:00","breadcrumb":{"@id":"https:\/\/www.eurozeta.it\/es\/certificaciones\/#breadcrumb"},"inLanguage":"es","potentialAction":[{"@type":"ReadAction","target":["https:\/\/www.eurozeta.it\/es\/certificaciones\/"]}]},{"@type":"BreadcrumbList","@id":"https:\/\/www.eurozeta.it\/es\/certificaciones\/#breadcrumb","itemListElement":[{"@type":"ListItem","position":1,"name":"Home","item":"https:\/\/www.eurozeta.it\/es\/"},{"@type":"ListItem","position":2,"name":"Certificaciones"}]},{"@type":"WebSite","@id":"https:\/\/www.eurozeta.it\/es\/#website","url":"https:\/\/www.eurozeta.it\/es\/","name":"Eurozeta","description":"Carpenteria metallica a Bergamo","potentialAction":[{"@type":"SearchAction","target":{"@type":"EntryPoint","urlTemplate":"https:\/\/www.eurozeta.it\/es\/?s={search_term_string}"},"query-input":{"@type":"PropertyValueSpecification","valueRequired":true,"valueName":"search_term_string"}}],"inLanguage":"es"}]}},"_links":{"self":[{"href":"https:\/\/www.eurozeta.it\/es\/wp-json\/wp\/v2\/pages\/1792","targetHints":{"allow":["GET"]}}],"collection":[{"href":"https:\/\/www.eurozeta.it\/es\/wp-json\/wp\/v2\/pages"}],"about":[{"href":"https:\/\/www.eurozeta.it\/es\/wp-json\/wp\/v2\/types\/page"}],"author":[{"embeddable":true,"href":"https:\/\/www.eurozeta.it\/es\/wp-json\/wp\/v2\/users\/1"}],"replies":[{"embeddable":true,"href":"https:\/\/www.eurozeta.it\/es\/wp-json\/wp\/v2\/comments?post=1792"}],"version-history":[{"count":0,"href":"https:\/\/www.eurozeta.it\/es\/wp-json\/wp\/v2\/pages\/1792\/revisions"}],"wp:attachment":[{"href":"https:\/\/www.eurozeta.it\/es\/wp-json\/wp\/v2\/media?parent=1792"}],"curies":[{"name":"wp","href":"https:\/\/api.w.org\/{rel}","templated":true}]}}